{"id":16080,"date":"2023-02-01T12:35:00","date_gmt":"2023-02-01T12:35:00","guid":{"rendered":"https:\/\/www.pg-mc.com\/page-contact\/"},"modified":"2023-02-01T12:35:02","modified_gmt":"2023-02-01T12:35:02","slug":"page-contact","status":"publish","type":"page","link":"https:\/\/www.pg-mc.com\/fr\/page-contact\/","title":{"rendered":"Page Contact"},"content":{"rendered":"<div class=\"fusion-fullwidth fullwidth-box fusion-builder-row-1 hundred-percent-fullwidth non-hundred-percent-height-scrolling\" style=\"background-color: #ffffff;background-position: center center;background-repeat: no-repeat;padding-top:0px;padding-right:0px;padding-bottom:0px;padding-left:0px;margin-bottom: 0px;margin-top: 0px;border-width: 0px 0px 0px 0px;border-color:#eae9e9;border-style:solid;\" ><div class=\"fusion-builder-row fusion-row\"><div class=\"fusion-layout-column fusion_builder_column fusion-builder-column-0 fusion_builder_column_1_1 1_1 fusion-one-full fusion-column-first fusion-column-last fusion-column-no-min-height\" style=\"margin-top:0px;margin-bottom:0px;\"><div class=\"fusion-column-wrapper fusion-flex-column-wrapper-legacy\" style=\"background-position:left top;background-repeat:no-repeat;-webkit-background-size:cover;-moz-background-size:cover;-o-background-size:cover;background-size:cover;padding: 0px 0px 0px 0px;\"><style type=\"text\/css\"><\/style><div class=\"fusion-title title fusion-title-1 fusion-title-text fusion-title-size-two\" style=\"margin-top:0px;margin-right:0px;margin-bottom:31px;margin-left:0px;\"><h2 class=\"title-heading-left\" style=\"margin:0;\">Nous aimerions avoir de vos nouvelles, contactez-nous !<\/h2><span class=\"awb-title-spacer\"><\/span><div class=\"title-sep-container\"><div class=\"title-sep sep-double sep-solid\" style=\"border-color:#e0dede;\"><\/div><\/div><\/div>\n<p>Notre si\u00e8ge social est situ\u00e9 \u00e0 Monaco, au c\u0153ur du quartier d&rsquo;affaires de la Principaut\u00e9, \u00e0 Fontvieille. La localit\u00e9 est facile d&rsquo;acc\u00e8s et se trouve \u00e0 seulement 10 minutes \u00e0 pied de la gare. Situ\u00e9 au deuxi\u00e8me \u00e9tage d&rsquo;un grand immeuble, notre bureau offre plus de 800 m\u00b2 d&rsquo;espace ouvert dans un environnement de travail confortable. Les diff\u00e9rentes salles de r\u00e9union sont toutes \u00e9quip\u00e9es d&rsquo;\u00e9crans et de tablettes, tandis que la salle de divertissement apporte un plus pour am\u00e9liorer la communication et le brainstorming dans une atmosph\u00e8re agr\u00e9able.<\/p>\n<p>Platinium Group conna\u00eet une croissance rapide et poss\u00e8de plusieurs bureaux op\u00e9rationnels dans des centres-villes du monde entier, notamment en Espagne, en France, en Italie et en Chine.<\/p>\n<div class=\"fusion-sep-clear\"><\/div><div class=\"fusion-separator fusion-full-width-sep\" style=\"margin-left: auto;margin-right: auto;margin-top:20px;width:100%;\"><\/div><div class=\"fusion-sep-clear\"><\/div><div class=\"fusion-clearfix\"><\/div><\/div><\/div><\/div><style type=\"text\/css\">.fusion-fullwidth.fusion-builder-row-1 { overflow:visible; }<\/style><\/div>\n","protected":false},"excerpt":{"rendered":"","protected":false},"author":2,"featured_media":0,"parent":0,"menu_order":6,"comment_status":"open","ping_status":"open","template":"contact.php","meta":{"inline_featured_image":false,"footnotes":""},"_links":{"self":[{"href":"https:\/\/www.pg-mc.com\/fr\/wp-json\/wp\/v2\/pages\/16080"}],"collection":[{"href":"https:\/\/www.pg-mc.com\/fr\/wp-json\/wp\/v2\/pages"}],"about":[{"href":"https:\/\/www.pg-mc.com\/fr\/wp-json\/wp\/v2\/types\/page"}],"author":[{"embeddable":true,"href":"https:\/\/www.pg-mc.com\/fr\/wp-json\/wp\/v2\/users\/2"}],"replies":[{"embeddable":true,"href":"https:\/\/www.pg-mc.com\/fr\/wp-json\/wp\/v2\/comments?post=16080"}],"version-history":[{"count":2,"href":"https:\/\/www.pg-mc.com\/fr\/wp-json\/wp\/v2\/pages\/16080\/revisions"}],"predecessor-version":[{"id":16082,"href":"https:\/\/www.pg-mc.com\/fr\/wp-json\/wp\/v2\/pages\/16080\/revisions\/16082"}],"wp:attachment":[{"href":"https:\/\/www.pg-mc.com\/fr\/wp-json\/wp\/v2\/media?parent=16080"}],"curies":[{"name":"wp","href":"https:\/\/api.w.org\/{rel}","templated":true}]}}